{"id":2620,"date":"2022-05-11T14:19:20","date_gmt":"2022-05-11T17:19:20","guid":{"rendered":"https:\/\/ceraflame.com.br\/projetos-especiais\/?post_type=product&#038;p=2620"},"modified":"2022-10-07T08:47:49","modified_gmt":"2022-10-07T11:47:49","slug":"garrafa-kaballa-100ml-e-750ml","status":"publish","type":"product","link":"https:\/\/ceraflame.com.br\/projetos-especiais\/produto\/garrafa-kaballa-100ml-e-750ml\/","title":{"rendered":"Garrafa Kaballa 100ml e 750ml"},"content":{"rendered":"","protected":false},"excerpt":{"rendered":"","protected":false},"featured_media":2619,"comment_status":"open","ping_status":"closed","template":"","meta":[],"product_brand":[],"product_cat":[68],"product_tag":[],"class_list":{"0":"post-2620","1":"product","2":"type-product","3":"status-publish","4":"has-post-thumbnail","6":"product_cat-garrafas","8":"first","9":"instock","10":"shipping-taxable","11":"product-type-simple"},"yoast_head":"<!-- This site is optimized with the Yoast SEO plugin v27.3 - https:\/\/yoast.com\/product\/yoast-seo-wordpress\/ -->\n<title>Garrafa Kaballa 100ml e 750ml - Ceraflame Cookware<\/title>\n<meta name=\"robots\" content=\"index, follow, max-snippet:-1, max-image-preview:large, max-video-preview:-1\" \/>\n<link rel=\"canonical\" href=\"https:\/\/ceraflame.com.br\/projetos-especiais\/produto\/garrafa-kaballa-100ml-e-750ml\/\" \/>\n<meta property=\"og:locale\" content=\"pt_BR\" \/>\n<meta property=\"og:type\" content=\"article\" \/>\n<meta property=\"og:title\" content=\"Garrafa Kaballa 100ml e 750ml - Ceraflame Cookware\" \/>\n<meta property=\"og:url\" content=\"https:\/\/ceraflame.com.br\/projetos-especiais\/produto\/garrafa-kaballa-100ml-e-750ml\/\" \/>\n<meta property=\"og:site_name\" content=\"Ceraflame Cookware\" \/>\n<meta property=\"article:modified_time\" content=\"2022-10-07T11:47:49+00:00\" \/>\n<meta property=\"og:image\" content=\"https:\/\/ceraflame.com.br\/projetos-especiais\/wp-content\/uploads\/2022\/05\/Garrafa-Kaballa-100ml-e-750ml.png\" \/>\n\t<meta property=\"og:image:width\" content=\"290\" \/>\n\t<meta property=\"og:image:height\" content=\"290\" \/>\n\t<meta property=\"og:image:type\" content=\"image\/png\" \/>\n<meta name=\"twitter:card\" content=\"summary_large_image\" \/>\n<script type=\"application\/ld+json\" class=\"yoast-schema-graph\">{\"@context\":\"https:\\\/\\\/schema.org\",\"@graph\":[{\"@type\":\"WebPage\",\"@id\":\"https:\\\/\\\/ceraflame.com.br\\\/projetos-especiais\\\/produto\\\/garrafa-kaballa-100ml-e-750ml\\\/\",\"url\":\"https:\\\/\\\/ceraflame.com.br\\\/projetos-especiais\\\/produto\\\/garrafa-kaballa-100ml-e-750ml\\\/\",\"name\":\"Garrafa Kaballa 100ml e 750ml - Ceraflame Cookware\",\"isPartOf\":{\"@id\":\"https:\\\/\\\/ceraflame.com.br\\\/projetos-especiais\\\/#website\"},\"primaryImageOfPage\":{\"@id\":\"https:\\\/\\\/ceraflame.com.br\\\/projetos-especiais\\\/produto\\\/garrafa-kaballa-100ml-e-750ml\\\/#primaryimage\"},\"image\":{\"@id\":\"https:\\\/\\\/ceraflame.com.br\\\/projetos-especiais\\\/produto\\\/garrafa-kaballa-100ml-e-750ml\\\/#primaryimage\"},\"thumbnailUrl\":\"https:\\\/\\\/ceraflame.com.br\\\/projetos-especiais\\\/wp-content\\\/uploads\\\/2022\\\/05\\\/Garrafa-Kaballa-100ml-e-750ml.png\",\"datePublished\":\"2022-05-11T17:19:20+00:00\",\"dateModified\":\"2022-10-07T11:47:49+00:00\",\"breadcrumb\":{\"@id\":\"https:\\\/\\\/ceraflame.com.br\\\/projetos-especiais\\\/produto\\\/garrafa-kaballa-100ml-e-750ml\\\/#breadcrumb\"},\"inLanguage\":\"pt-BR\",\"potentialAction\":[{\"@type\":\"ReadAction\",\"target\":[\"https:\\\/\\\/ceraflame.com.br\\\/projetos-especiais\\\/produto\\\/garrafa-kaballa-100ml-e-750ml\\\/\"]}]},{\"@type\":\"ImageObject\",\"inLanguage\":\"pt-BR\",\"@id\":\"https:\\\/\\\/ceraflame.com.br\\\/projetos-especiais\\\/produto\\\/garrafa-kaballa-100ml-e-750ml\\\/#primaryimage\",\"url\":\"https:\\\/\\\/ceraflame.com.br\\\/projetos-especiais\\\/wp-content\\\/uploads\\\/2022\\\/05\\\/Garrafa-Kaballa-100ml-e-750ml.png\",\"contentUrl\":\"https:\\\/\\\/ceraflame.com.br\\\/projetos-especiais\\\/wp-content\\\/uploads\\\/2022\\\/05\\\/Garrafa-Kaballa-100ml-e-750ml.png\",\"width\":290,\"height\":290},{\"@type\":\"BreadcrumbList\",\"@id\":\"https:\\\/\\\/ceraflame.com.br\\\/projetos-especiais\\\/produto\\\/garrafa-kaballa-100ml-e-750ml\\\/#breadcrumb\",\"itemListElement\":[{\"@type\":\"ListItem\",\"position\":1,\"name\":\"In\u00edcio\",\"item\":\"https:\\\/\\\/ceraflame.com.br\\\/projetos-especiais\\\/\"},{\"@type\":\"ListItem\",\"position\":2,\"name\":\"Produtos\",\"item\":\"https:\\\/\\\/ceraflame.com.br\\\/projetos-especiais\\\/produtos\\\/\"},{\"@type\":\"ListItem\",\"position\":3,\"name\":\"Garrafa Kaballa 100ml e 750ml\"}]},{\"@type\":\"WebSite\",\"@id\":\"https:\\\/\\\/ceraflame.com.br\\\/projetos-especiais\\\/#website\",\"url\":\"https:\\\/\\\/ceraflame.com.br\\\/projetos-especiais\\\/\",\"name\":\"Ceraflame Cookware\",\"description\":\"Alcan\u00e7amos a mesa e o lar de milh\u00f5es de brasileiros que confiam em nossos produtos. Nossa atua\u00e7\u00e3o alcan\u00e7a atualmente todas as regi\u00f5es brasileiras e diversos pa\u00edses. + de 60 anos de Hist\u00f3ria. Qualidade e Durabilidade. Mais Versatilidade. Melhor Desempenho.\",\"potentialAction\":[{\"@type\":\"SearchAction\",\"target\":{\"@type\":\"EntryPoint\",\"urlTemplate\":\"https:\\\/\\\/ceraflame.com.br\\\/projetos-especiais\\\/?s={search_term_string}\"},\"query-input\":{\"@type\":\"PropertyValueSpecification\",\"valueRequired\":true,\"valueName\":\"search_term_string\"}}],\"inLanguage\":\"pt-BR\"}]}<\/script>\n<!-- \/ Yoast SEO plugin. -->","yoast_head_json":{"title":"Garrafa Kaballa 100ml e 750ml - Ceraflame Cookware","robots":{"index":"index","follow":"follow","max-snippet":"max-snippet:-1","max-image-preview":"max-image-preview:large","max-video-preview":"max-video-preview:-1"},"canonical":"https:\/\/ceraflame.com.br\/projetos-especiais\/produto\/garrafa-kaballa-100ml-e-750ml\/","og_locale":"pt_BR","og_type":"article","og_title":"Garrafa Kaballa 100ml e 750ml - Ceraflame Cookware","og_url":"https:\/\/ceraflame.com.br\/projetos-especiais\/produto\/garrafa-kaballa-100ml-e-750ml\/","og_site_name":"Ceraflame Cookware","article_modified_time":"2022-10-07T11:47:49+00:00","og_image":[{"width":290,"height":290,"url":"https:\/\/ceraflame.com.br\/projetos-especiais\/wp-content\/uploads\/2022\/05\/Garrafa-Kaballa-100ml-e-750ml.png","type":"image\/png"}],"twitter_card":"summary_large_image","schema":{"@context":"https:\/\/schema.org","@graph":[{"@type":"WebPage","@id":"https:\/\/ceraflame.com.br\/projetos-especiais\/produto\/garrafa-kaballa-100ml-e-750ml\/","url":"https:\/\/ceraflame.com.br\/projetos-especiais\/produto\/garrafa-kaballa-100ml-e-750ml\/","name":"Garrafa Kaballa 100ml e 750ml - Ceraflame Cookware","isPartOf":{"@id":"https:\/\/ceraflame.com.br\/projetos-especiais\/#website"},"primaryImageOfPage":{"@id":"https:\/\/ceraflame.com.br\/projetos-especiais\/produto\/garrafa-kaballa-100ml-e-750ml\/#primaryimage"},"image":{"@id":"https:\/\/ceraflame.com.br\/projetos-especiais\/produto\/garrafa-kaballa-100ml-e-750ml\/#primaryimage"},"thumbnailUrl":"https:\/\/ceraflame.com.br\/projetos-especiais\/wp-content\/uploads\/2022\/05\/Garrafa-Kaballa-100ml-e-750ml.png","datePublished":"2022-05-11T17:19:20+00:00","dateModified":"2022-10-07T11:47:49+00:00","breadcrumb":{"@id":"https:\/\/ceraflame.com.br\/projetos-especiais\/produto\/garrafa-kaballa-100ml-e-750ml\/#breadcrumb"},"inLanguage":"pt-BR","potentialAction":[{"@type":"ReadAction","target":["https:\/\/ceraflame.com.br\/projetos-especiais\/produto\/garrafa-kaballa-100ml-e-750ml\/"]}]},{"@type":"ImageObject","inLanguage":"pt-BR","@id":"https:\/\/ceraflame.com.br\/projetos-especiais\/produto\/garrafa-kaballa-100ml-e-750ml\/#primaryimage","url":"https:\/\/ceraflame.com.br\/projetos-especiais\/wp-content\/uploads\/2022\/05\/Garrafa-Kaballa-100ml-e-750ml.png","contentUrl":"https:\/\/ceraflame.com.br\/projetos-especiais\/wp-content\/uploads\/2022\/05\/Garrafa-Kaballa-100ml-e-750ml.png","width":290,"height":290},{"@type":"BreadcrumbList","@id":"https:\/\/ceraflame.com.br\/projetos-especiais\/produto\/garrafa-kaballa-100ml-e-750ml\/#breadcrumb","itemListElement":[{"@type":"ListItem","position":1,"name":"In\u00edcio","item":"https:\/\/ceraflame.com.br\/projetos-especiais\/"},{"@type":"ListItem","position":2,"name":"Produtos","item":"https:\/\/ceraflame.com.br\/projetos-especiais\/produtos\/"},{"@type":"ListItem","position":3,"name":"Garrafa Kaballa 100ml e 750ml"}]},{"@type":"WebSite","@id":"https:\/\/ceraflame.com.br\/projetos-especiais\/#website","url":"https:\/\/ceraflame.com.br\/projetos-especiais\/","name":"Ceraflame Cookware","description":"Alcan\u00e7amos a mesa e o lar de milh\u00f5es de brasileiros que confiam em nossos produtos. Nossa atua\u00e7\u00e3o alcan\u00e7a atualmente todas as regi\u00f5es brasileiras e diversos pa\u00edses. + de 60 anos de Hist\u00f3ria. Qualidade e Durabilidade. Mais Versatilidade. Melhor Desempenho.","potentialAction":[{"@type":"SearchAction","target":{"@type":"EntryPoint","urlTemplate":"https:\/\/ceraflame.com.br\/projetos-especiais\/?s={search_term_string}"},"query-input":{"@type":"PropertyValueSpecification","valueRequired":true,"valueName":"search_term_string"}}],"inLanguage":"pt-BR"}]}},"_links":{"self":[{"href":"https:\/\/ceraflame.com.br\/projetos-especiais\/wp-json\/wp\/v2\/product\/2620","targetHints":{"allow":["GET"]}}],"collection":[{"href":"https:\/\/ceraflame.com.br\/projetos-especiais\/wp-json\/wp\/v2\/product"}],"about":[{"href":"https:\/\/ceraflame.com.br\/projetos-especiais\/wp-json\/wp\/v2\/types\/product"}],"replies":[{"embeddable":true,"href":"https:\/\/ceraflame.com.br\/projetos-especiais\/wp-json\/wp\/v2\/comments?post=2620"}],"wp:featuredmedia":[{"embeddable":true,"href":"https:\/\/ceraflame.com.br\/projetos-especiais\/wp-json\/wp\/v2\/media\/2619"}],"wp:attachment":[{"href":"https:\/\/ceraflame.com.br\/projetos-especiais\/wp-json\/wp\/v2\/media?parent=2620"}],"wp:term":[{"taxonomy":"product_brand","embeddable":true,"href":"https:\/\/ceraflame.com.br\/projetos-especiais\/wp-json\/wp\/v2\/product_brand?post=2620"},{"taxonomy":"product_cat","embeddable":true,"href":"https:\/\/ceraflame.com.br\/projetos-especiais\/wp-json\/wp\/v2\/product_cat?post=2620"},{"taxonomy":"product_tag","embeddable":true,"href":"https:\/\/ceraflame.com.br\/projetos-especiais\/wp-json\/wp\/v2\/product_tag?post=2620"}],"curies":[{"name":"wp","href":"https:\/\/api.w.org\/{rel}","templated":true}]}}