{"id":2756,"date":"2022-05-17T14:41:12","date_gmt":"2022-05-17T17:41:12","guid":{"rendered":"https:\/\/ceraflame.com.br\/projetos-especiais\/?post_type=product&#038;p=2756"},"modified":"2022-05-17T14:41:12","modified_gmt":"2022-05-17T17:41:12","slug":"copo-cana-500ml","status":"publish","type":"product","link":"https:\/\/ceraflame.com.br\/projetos-especiais\/produto\/copo-cana-500ml\/","title":{"rendered":"Copo Cana 500ml"},"content":{"rendered":"","protected":false},"excerpt":{"rendered":"","protected":false},"featured_media":2755,"comment_status":"open","ping_status":"closed","template":"","meta":[],"product_brand":[],"product_cat":[66],"product_tag":[],"class_list":{"0":"post-2756","1":"product","2":"type-product","3":"status-publish","4":"has-post-thumbnail","6":"product_cat-copos","8":"first","9":"instock","10":"shipping-taxable","11":"product-type-simple"},"yoast_head":"<!-- This site is optimized with the Yoast SEO plugin v27.3 - https:\/\/yoast.com\/product\/yoast-seo-wordpress\/ -->\n<title>Copo Cana 500ml - Ceraflame Cookware<\/title>\n<meta name=\"robots\" content=\"index, follow, max-snippet:-1, max-image-preview:large, max-video-preview:-1\" \/>\n<link rel=\"canonical\" href=\"https:\/\/ceraflame.com.br\/projetos-especiais\/produto\/copo-cana-500ml\/\" \/>\n<meta property=\"og:locale\" content=\"pt_BR\" \/>\n<meta property=\"og:type\" content=\"article\" \/>\n<meta property=\"og:title\" content=\"Copo Cana 500ml - Ceraflame Cookware\" \/>\n<meta property=\"og:url\" content=\"https:\/\/ceraflame.com.br\/projetos-especiais\/produto\/copo-cana-500ml\/\" \/>\n<meta property=\"og:site_name\" content=\"Ceraflame Cookware\" \/>\n<meta property=\"og:image\" content=\"https:\/\/ceraflame.com.br\/projetos-especiais\/wp-content\/uploads\/2022\/05\/Copo-Cana-500ml.png\" \/>\n\t<meta property=\"og:image:width\" content=\"290\" \/>\n\t<meta property=\"og:image:height\" content=\"290\" \/>\n\t<meta property=\"og:image:type\" content=\"image\/png\" \/>\n<meta name=\"twitter:card\" content=\"summary_large_image\" \/>\n<script type=\"application\/ld+json\" class=\"yoast-schema-graph\">{\"@context\":\"https:\\\/\\\/schema.org\",\"@graph\":[{\"@type\":\"WebPage\",\"@id\":\"https:\\\/\\\/ceraflame.com.br\\\/projetos-especiais\\\/produto\\\/copo-cana-500ml\\\/\",\"url\":\"https:\\\/\\\/ceraflame.com.br\\\/projetos-especiais\\\/produto\\\/copo-cana-500ml\\\/\",\"name\":\"Copo Cana 500ml - Ceraflame Cookware\",\"isPartOf\":{\"@id\":\"https:\\\/\\\/ceraflame.com.br\\\/projetos-especiais\\\/#website\"},\"primaryImageOfPage\":{\"@id\":\"https:\\\/\\\/ceraflame.com.br\\\/projetos-especiais\\\/produto\\\/copo-cana-500ml\\\/#primaryimage\"},\"image\":{\"@id\":\"https:\\\/\\\/ceraflame.com.br\\\/projetos-especiais\\\/produto\\\/copo-cana-500ml\\\/#primaryimage\"},\"thumbnailUrl\":\"https:\\\/\\\/ceraflame.com.br\\\/projetos-especiais\\\/wp-content\\\/uploads\\\/2022\\\/05\\\/Copo-Cana-500ml.png\",\"datePublished\":\"2022-05-17T17:41:12+00:00\",\"breadcrumb\":{\"@id\":\"https:\\\/\\\/ceraflame.com.br\\\/projetos-especiais\\\/produto\\\/copo-cana-500ml\\\/#breadcrumb\"},\"inLanguage\":\"pt-BR\",\"potentialAction\":[{\"@type\":\"ReadAction\",\"target\":[\"https:\\\/\\\/ceraflame.com.br\\\/projetos-especiais\\\/produto\\\/copo-cana-500ml\\\/\"]}]},{\"@type\":\"ImageObject\",\"inLanguage\":\"pt-BR\",\"@id\":\"https:\\\/\\\/ceraflame.com.br\\\/projetos-especiais\\\/produto\\\/copo-cana-500ml\\\/#primaryimage\",\"url\":\"https:\\\/\\\/ceraflame.com.br\\\/projetos-especiais\\\/wp-content\\\/uploads\\\/2022\\\/05\\\/Copo-Cana-500ml.png\",\"contentUrl\":\"https:\\\/\\\/ceraflame.com.br\\\/projetos-especiais\\\/wp-content\\\/uploads\\\/2022\\\/05\\\/Copo-Cana-500ml.png\",\"width\":290,\"height\":290},{\"@type\":\"BreadcrumbList\",\"@id\":\"https:\\\/\\\/ceraflame.com.br\\\/projetos-especiais\\\/produto\\\/copo-cana-500ml\\\/#breadcrumb\",\"itemListElement\":[{\"@type\":\"ListItem\",\"position\":1,\"name\":\"In\u00edcio\",\"item\":\"https:\\\/\\\/ceraflame.com.br\\\/projetos-especiais\\\/\"},{\"@type\":\"ListItem\",\"position\":2,\"name\":\"Produtos\",\"item\":\"https:\\\/\\\/ceraflame.com.br\\\/projetos-especiais\\\/produtos\\\/\"},{\"@type\":\"ListItem\",\"position\":3,\"name\":\"Copo Cana 500ml\"}]},{\"@type\":\"WebSite\",\"@id\":\"https:\\\/\\\/ceraflame.com.br\\\/projetos-especiais\\\/#website\",\"url\":\"https:\\\/\\\/ceraflame.com.br\\\/projetos-especiais\\\/\",\"name\":\"Ceraflame Cookware\",\"description\":\"Alcan\u00e7amos a mesa e o lar de milh\u00f5es de brasileiros que confiam em nossos produtos. Nossa atua\u00e7\u00e3o alcan\u00e7a atualmente todas as regi\u00f5es brasileiras e diversos pa\u00edses. + de 60 anos de Hist\u00f3ria. Qualidade e Durabilidade. Mais Versatilidade. Melhor Desempenho.\",\"potentialAction\":[{\"@type\":\"SearchAction\",\"target\":{\"@type\":\"EntryPoint\",\"urlTemplate\":\"https:\\\/\\\/ceraflame.com.br\\\/projetos-especiais\\\/?s={search_term_string}\"},\"query-input\":{\"@type\":\"PropertyValueSpecification\",\"valueRequired\":true,\"valueName\":\"search_term_string\"}}],\"inLanguage\":\"pt-BR\"}]}<\/script>\n<!-- \/ Yoast SEO plugin. -->","yoast_head_json":{"title":"Copo Cana 500ml - Ceraflame Cookware","robots":{"index":"index","follow":"follow","max-snippet":"max-snippet:-1","max-image-preview":"max-image-preview:large","max-video-preview":"max-video-preview:-1"},"canonical":"https:\/\/ceraflame.com.br\/projetos-especiais\/produto\/copo-cana-500ml\/","og_locale":"pt_BR","og_type":"article","og_title":"Copo Cana 500ml - Ceraflame Cookware","og_url":"https:\/\/ceraflame.com.br\/projetos-especiais\/produto\/copo-cana-500ml\/","og_site_name":"Ceraflame Cookware","og_image":[{"width":290,"height":290,"url":"https:\/\/ceraflame.com.br\/projetos-especiais\/wp-content\/uploads\/2022\/05\/Copo-Cana-500ml.png","type":"image\/png"}],"twitter_card":"summary_large_image","schema":{"@context":"https:\/\/schema.org","@graph":[{"@type":"WebPage","@id":"https:\/\/ceraflame.com.br\/projetos-especiais\/produto\/copo-cana-500ml\/","url":"https:\/\/ceraflame.com.br\/projetos-especiais\/produto\/copo-cana-500ml\/","name":"Copo Cana 500ml - Ceraflame Cookware","isPartOf":{"@id":"https:\/\/ceraflame.com.br\/projetos-especiais\/#website"},"primaryImageOfPage":{"@id":"https:\/\/ceraflame.com.br\/projetos-especiais\/produto\/copo-cana-500ml\/#primaryimage"},"image":{"@id":"https:\/\/ceraflame.com.br\/projetos-especiais\/produto\/copo-cana-500ml\/#primaryimage"},"thumbnailUrl":"https:\/\/ceraflame.com.br\/projetos-especiais\/wp-content\/uploads\/2022\/05\/Copo-Cana-500ml.png","datePublished":"2022-05-17T17:41:12+00:00","breadcrumb":{"@id":"https:\/\/ceraflame.com.br\/projetos-especiais\/produto\/copo-cana-500ml\/#breadcrumb"},"inLanguage":"pt-BR","potentialAction":[{"@type":"ReadAction","target":["https:\/\/ceraflame.com.br\/projetos-especiais\/produto\/copo-cana-500ml\/"]}]},{"@type":"ImageObject","inLanguage":"pt-BR","@id":"https:\/\/ceraflame.com.br\/projetos-especiais\/produto\/copo-cana-500ml\/#primaryimage","url":"https:\/\/ceraflame.com.br\/projetos-especiais\/wp-content\/uploads\/2022\/05\/Copo-Cana-500ml.png","contentUrl":"https:\/\/ceraflame.com.br\/projetos-especiais\/wp-content\/uploads\/2022\/05\/Copo-Cana-500ml.png","width":290,"height":290},{"@type":"BreadcrumbList","@id":"https:\/\/ceraflame.com.br\/projetos-especiais\/produto\/copo-cana-500ml\/#breadcrumb","itemListElement":[{"@type":"ListItem","position":1,"name":"In\u00edcio","item":"https:\/\/ceraflame.com.br\/projetos-especiais\/"},{"@type":"ListItem","position":2,"name":"Produtos","item":"https:\/\/ceraflame.com.br\/projetos-especiais\/produtos\/"},{"@type":"ListItem","position":3,"name":"Copo Cana 500ml"}]},{"@type":"WebSite","@id":"https:\/\/ceraflame.com.br\/projetos-especiais\/#website","url":"https:\/\/ceraflame.com.br\/projetos-especiais\/","name":"Ceraflame Cookware","description":"Alcan\u00e7amos a mesa e o lar de milh\u00f5es de brasileiros que confiam em nossos produtos. Nossa atua\u00e7\u00e3o alcan\u00e7a atualmente todas as regi\u00f5es brasileiras e diversos pa\u00edses. + de 60 anos de Hist\u00f3ria. Qualidade e Durabilidade. Mais Versatilidade. Melhor Desempenho.","potentialAction":[{"@type":"SearchAction","target":{"@type":"EntryPoint","urlTemplate":"https:\/\/ceraflame.com.br\/projetos-especiais\/?s={search_term_string}"},"query-input":{"@type":"PropertyValueSpecification","valueRequired":true,"valueName":"search_term_string"}}],"inLanguage":"pt-BR"}]}},"_links":{"self":[{"href":"https:\/\/ceraflame.com.br\/projetos-especiais\/wp-json\/wp\/v2\/product\/2756","targetHints":{"allow":["GET"]}}],"collection":[{"href":"https:\/\/ceraflame.com.br\/projetos-especiais\/wp-json\/wp\/v2\/product"}],"about":[{"href":"https:\/\/ceraflame.com.br\/projetos-especiais\/wp-json\/wp\/v2\/types\/product"}],"replies":[{"embeddable":true,"href":"https:\/\/ceraflame.com.br\/projetos-especiais\/wp-json\/wp\/v2\/comments?post=2756"}],"wp:featuredmedia":[{"embeddable":true,"href":"https:\/\/ceraflame.com.br\/projetos-especiais\/wp-json\/wp\/v2\/media\/2755"}],"wp:attachment":[{"href":"https:\/\/ceraflame.com.br\/projetos-especiais\/wp-json\/wp\/v2\/media?parent=2756"}],"wp:term":[{"taxonomy":"product_brand","embeddable":true,"href":"https:\/\/ceraflame.com.br\/projetos-especiais\/wp-json\/wp\/v2\/product_brand?post=2756"},{"taxonomy":"product_cat","embeddable":true,"href":"https:\/\/ceraflame.com.br\/projetos-especiais\/wp-json\/wp\/v2\/product_cat?post=2756"},{"taxonomy":"product_tag","embeddable":true,"href":"https:\/\/ceraflame.com.br\/projetos-especiais\/wp-json\/wp\/v2\/product_tag?post=2756"}],"curies":[{"name":"wp","href":"https:\/\/api.w.org\/{rel}","templated":true}]}}